{"id":144,"date":"2025-10-11T15:30:01","date_gmt":"2025-10-11T15:30:01","guid":{"rendered":"http:\/\/localhost:10018\/?page_id=144"},"modified":"2025-12-05T15:18:36","modified_gmt":"2025-12-05T14:18:36","slug":"impressum","status":"publish","type":"page","link":"https:\/\/pamelafalcon.com\/en\/impressum\/","title":{"rendered":"Legal notice"},"content":{"rendered":"<div data-elementor-type=\"wp-page\" data-elementor-id=\"144\" class=\"elementor elementor-144\">\n\t\t\t\t<div class=\"elementor-element elementor-element-655de00b e-flex e-con-boxed e-con e-parent\" data-id=\"655de00b\" data-element_type=\"container\" data-settings=\"{&quot;background_background&quot;:&quot;classic&quot;}\">\n\t\t\t\t\t<div class=\"e-con-inner\">\n\t\t<div class=\"elementor-element elementor-element-33f797d4 e-con-full e-flex e-con e-child\" data-id=\"33f797d4\" data-element_type=\"container\">\n\t\t\t\t<div class=\"elementor-element elementor-element-2adc96b elementor-widget elementor-widget-heading\" data-id=\"2adc96b\" data-element_type=\"widget\" data-widget_type=\"heading.default\">\n\t\t\t\t\t<h2 class=\"elementor-heading-title elementor-size-default\">Legal notice<\/h2>\t\t\t\t<\/div>\n\t\t\t\t<\/div>\n\t\t\t\t\t<\/div>\n\t\t\t\t<\/div>\n\t\t<div class=\"elementor-element elementor-element-65bb7fe2 e-flex e-con-boxed e-con e-parent\" data-id=\"65bb7fe2\" data-element_type=\"container\" data-settings=\"{&quot;background_background&quot;:&quot;classic&quot;}\">\n\t\t\t\t\t<div class=\"e-con-inner\">\n\t\t\t\t<div class=\"elementor-element elementor-element-18c89fbb elementor-widget elementor-widget-text-editor\" data-id=\"18c89fbb\" data-element_type=\"widget\" data-widget_type=\"text-editor.default\">\n\t\t\t\t\t\t\t\t\t<h2 class=\"wp-block-heading\">Impressum Angaben gem\u00e4\u00df \u00a7 5 DDG<\/h2><p>Pamela Falcon<br \/>Kapellstra\u00dfe 34<br \/>40479 D\u00fcsseldorf<\/p><h2>Contact<\/h2><p>E-Mail: <span style=\"font-weight: 400;\">pamelafalcon@me.com<\/span><br \/>Mobil: +49 (0) <span style=\"font-weight: 400;\">170 720 6605<\/span><\/p><h2 class=\"wp-block-heading\">Angaben zur Umsatzsteuer<\/h2><p>Umsatzsteuer-Identifikationsnummer gem\u00e4\u00df \u00a7 27 a Umsatzsteuergesetz: DE<br \/>Finanzamt: Neuss<\/p><h2>Redaktionell verantwortlich<\/h2><p>Frau Pamela Falcon<\/p><h2 class=\"wp-block-heading\">Hosting<\/h2><p>IONOS SE<br \/>Elgendorfer Str. 57<br \/>56410 Montabaur<br \/>Deutschland<\/p><h2 class=\"wp-block-heading\">Verbraucher\u00adstreit\u00adbeilegung\/Universal\u00adschlichtungs\u00adstelle<\/h2><p>Wir sind nicht bereit oder verpflichtet, an Streitbeilegungsverfahren vor einer Verbraucherschlichtungsstelle teilzunehmen.<\/p><h2 class=\"wp-block-heading\">Haftung f\u00fcr Inhalte<\/h2><p>Als Diensteanbieter sind wir gem\u00e4\u00df \u00a7 7 Abs.1 TMG f\u00fcr eigene Inhalte auf diesen Seiten nach den allgemeinen Gesetzen verantwortlich. Nach \u00a7\u00a7 8 bis 10 TMG sind wir als Diensteanbieter jedoch nicht verpflichtet, \u00fcbermittelte oder gespeicherte fremde Informationen zu \u00fcberwachen oder nach Umst\u00e4nden zu forschen, die auf eine rechtswidrige T\u00e4tigkeit hinweisen.<br \/>Verpflichtungen zur Entfernung oder Sperrung der Nutzung von Informationen nach den allgemeinen Gesetzen bleiben hiervon unber\u00fchrt. Eine diesbez\u00fcgliche Haftung ist jedoch erst ab dem Zeitpunkt der Kenntnis einer konkreten Rechtsverletzung m\u00f6glich. Bei Bekanntwerden von entsprechenden Rechtsverletzungen werden wir diese Inhalte umgehend entfernen.<\/p><h2 class=\"wp-block-heading\">Haftung f\u00fcr Links<\/h2><p>Unser Angebot enth\u00e4lt Links zu externen Websites Dritter, auf deren Inhalte wir keinen Einfluss haben. Deshalb k\u00f6nnen wir f\u00fcr diese fremden Inhalte auch keine Gew\u00e4hr \u00fcbernehmen. F\u00fcr die Inhalte der verlinkten Seiten ist stets der jeweilige Anbieter oder Betreiber der Seiten verantwortlich. Die verlinkten Seiten wurden zum Zeitpunkt der Verlinkung auf m\u00f6gliche Rechtsverst\u00f6\u00dfe \u00fcberpr\u00fcft. Rechtswidrige Inhalte waren zum Zeitpunkt der Verlinkung nicht erkennbar.<br \/>Eine permanente inhaltliche Kontrolle der verlinkten Seiten ist jedoch ohne konkrete Anhaltspunkte einer Rechtsverletzung nicht zumutbar. Bei Bekanntwerden von Rechtsverletzungen werden wir derartige Links umgehend entfernen.<\/p><h2 class=\"wp-block-heading\">Urheberrecht<\/h2><p>Die durch die Seitenbetreiber erstellten Inhalte und Werke auf diesen Seiten unterliegen dem deutschen Urheberrecht. Die Vervielf\u00e4ltigung, Bearbeitung, Verbreitung und jede Art der Verwertung au\u00dferhalb der Grenzen des Urheberrechtes bed\u00fcrfen der schriftlichen Zustimmung des jeweiligen Autors bzw. Erstellers. Downloads und Kopien dieser Seite sind nur f\u00fcr den privaten, nicht kommerziellen Gebrauch gestattet.<br \/>Soweit die Inhalte auf dieser Seite nicht vom Betreiber erstellt wurden, werden die Urheberrechte Dritter beachtet. Insbesondere werden Inhalte Dritter als solche gekennzeichnet. Sollten Sie trotzdem auf eine Urheberrechtsverletzung aufmerksam werden, bitten wir um einen entsprechenden Hinweis. Bei Bekanntwerden von Rechtsverletzungen werden wir derartige Inhalte umgehend entfernen.<\/p><p>Quelle: <a href=\"https:\/\/www.e-recht24.de\/\">e-recht24.de<\/a><\/p>\t\t\t\t\t\t\t\t<\/div>\n\t\t\t\t\t<\/div>\n\t\t\t\t<\/div>\n\t\t\t\t<\/div>","protected":false},"excerpt":{"rendered":"<p>Impressum Impressum Angaben gem\u00e4\u00df \u00a7 5 DDG Pamela FalconKapellstra\u00dfe 3440479 D\u00fcsseldorf Kontakt E-Mail: pamelafalcon@me.comMobil: +49 (0) 170 720 6605 Angaben zur Umsatzsteuer [&hellip;]<\/p>","protected":false},"author":1,"featured_media":0,"parent":0,"menu_order":0,"comment_status":"closed","ping_status":"closed","template":"","meta":{"footnotes":""},"class_list":["post-144","page","type-page","status-publish","hentry"],"yoast_head":"<!-- This site is optimized with the Yoast SEO plugin v26.8 - https:\/\/yoast.com\/product\/yoast-seo-wordpress\/ -->\n<title>Impressum - Pamela Falcon<\/title>\n<meta name=\"robots\" content=\"index, follow, max-snippet:-1, max-image-preview:large, max-video-preview:-1\" \/>\n<link rel=\"canonical\" href=\"https:\/\/pamelafalcon.com\/en\/impressum\/\" \/>\n<meta property=\"og:locale\" content=\"en_US\" \/>\n<meta property=\"og:type\" content=\"article\" \/>\n<meta property=\"og:title\" content=\"Impressum - Pamela Falcon\" \/>\n<meta property=\"og:description\" content=\"Impressum Impressum Angaben gem\u00e4\u00df \u00a7 5 DDG Pamela FalconKapellstra\u00dfe 3440479 D\u00fcsseldorf Kontakt E-Mail: pamelafalcon@me.comMobil: +49 (0) 170 720 6605 Angaben zur Umsatzsteuer [&hellip;]\" \/>\n<meta property=\"og:url\" content=\"https:\/\/pamelafalcon.com\/en\/impressum\/\" \/>\n<meta property=\"og:site_name\" content=\"Pamela Falcon\" \/>\n<meta property=\"article:modified_time\" content=\"2025-12-05T14:18:36+00:00\" \/>\n<meta name=\"twitter:card\" content=\"summary_large_image\" \/>\n<meta name=\"twitter:label1\" content=\"Est. reading time\" \/>\n\t<meta name=\"twitter:data1\" content=\"2 minutes\" \/>\n<script type=\"application\/ld+json\" class=\"yoast-schema-graph\">{\"@context\":\"https:\/\/schema.org\",\"@graph\":[{\"@type\":\"WebPage\",\"@id\":\"https:\/\/pamelafalcon.com\/en\/impressum\/\",\"url\":\"https:\/\/pamelafalcon.com\/en\/impressum\/\",\"name\":\"Impressum - Pamela Falcon\",\"isPartOf\":{\"@id\":\"https:\/\/pamelafalcon.com\/en\/#website\"},\"datePublished\":\"2025-10-11T15:30:01+00:00\",\"dateModified\":\"2025-12-05T14:18:36+00:00\",\"breadcrumb\":{\"@id\":\"https:\/\/pamelafalcon.com\/en\/impressum\/#breadcrumb\"},\"inLanguage\":\"en-US\",\"potentialAction\":[{\"@type\":\"ReadAction\",\"target\":[\"https:\/\/pamelafalcon.com\/en\/impressum\/\"]}]},{\"@type\":\"BreadcrumbList\",\"@id\":\"https:\/\/pamelafalcon.com\/en\/impressum\/#breadcrumb\",\"itemListElement\":[{\"@type\":\"ListItem\",\"position\":1,\"name\":\"Start\",\"item\":\"https:\/\/pamelafalcon.com\/en\/\"},{\"@type\":\"ListItem\",\"position\":2,\"name\":\"Impressum\"}]},{\"@type\":\"WebSite\",\"@id\":\"https:\/\/pamelafalcon.com\/en\/#website\",\"url\":\"https:\/\/pamelafalcon.com\/en\/\",\"name\":\"Pamela Falcon\",\"description\":\"\",\"publisher\":{\"@id\":\"https:\/\/pamelafalcon.com\/en\/#\/schema\/person\/9253e44d2a1c782b1f2637757a77be5c\"},\"potentialAction\":[{\"@type\":\"SearchAction\",\"target\":{\"@type\":\"EntryPoint\",\"urlTemplate\":\"https:\/\/pamelafalcon.com\/en\/?s={search_term_string}\"},\"query-input\":{\"@type\":\"PropertyValueSpecification\",\"valueRequired\":true,\"valueName\":\"search_term_string\"}}],\"inLanguage\":\"en-US\"},{\"@type\":[\"Person\",\"Organization\"],\"@id\":\"https:\/\/pamelafalcon.com\/en\/#\/schema\/person\/9253e44d2a1c782b1f2637757a77be5c\",\"name\":\"Pamela Falcon\",\"image\":{\"@type\":\"ImageObject\",\"inLanguage\":\"en-US\",\"@id\":\"https:\/\/pamelafalcon.com\/en\/#\/schema\/person\/image\/\",\"url\":\"https:\/\/pamelafalcon.com\/wp-content\/uploads\/2026\/01\/pamela-on-stage-4.webp\",\"contentUrl\":\"https:\/\/pamelafalcon.com\/wp-content\/uploads\/2026\/01\/pamela-on-stage-4.webp\",\"width\":1238,\"height\":1024,\"caption\":\"Pamela Falcon\"},\"logo\":{\"@id\":\"https:\/\/pamelafalcon.com\/en\/#\/schema\/person\/image\/\"}}]}<\/script>\n<!-- \/ Yoast SEO plugin. -->","yoast_head_json":{"title":"Impressum - Pamela Falcon","robots":{"index":"index","follow":"follow","max-snippet":"max-snippet:-1","max-image-preview":"max-image-preview:large","max-video-preview":"max-video-preview:-1"},"canonical":"https:\/\/pamelafalcon.com\/en\/impressum\/","og_locale":"en_US","og_type":"article","og_title":"Impressum - Pamela Falcon","og_description":"Impressum Impressum Angaben gem\u00e4\u00df \u00a7 5 DDG Pamela FalconKapellstra\u00dfe 3440479 D\u00fcsseldorf Kontakt E-Mail: pamelafalcon@me.comMobil: +49 (0) 170 720 6605 Angaben zur Umsatzsteuer [&hellip;]","og_url":"https:\/\/pamelafalcon.com\/en\/impressum\/","og_site_name":"Pamela Falcon","article_modified_time":"2025-12-05T14:18:36+00:00","twitter_card":"summary_large_image","twitter_misc":{"Est. reading time":"2 minutes"},"schema":{"@context":"https:\/\/schema.org","@graph":[{"@type":"WebPage","@id":"https:\/\/pamelafalcon.com\/en\/impressum\/","url":"https:\/\/pamelafalcon.com\/en\/impressum\/","name":"Impressum - Pamela Falcon","isPartOf":{"@id":"https:\/\/pamelafalcon.com\/en\/#website"},"datePublished":"2025-10-11T15:30:01+00:00","dateModified":"2025-12-05T14:18:36+00:00","breadcrumb":{"@id":"https:\/\/pamelafalcon.com\/en\/impressum\/#breadcrumb"},"inLanguage":"en-US","potentialAction":[{"@type":"ReadAction","target":["https:\/\/pamelafalcon.com\/en\/impressum\/"]}]},{"@type":"BreadcrumbList","@id":"https:\/\/pamelafalcon.com\/en\/impressum\/#breadcrumb","itemListElement":[{"@type":"ListItem","position":1,"name":"Start","item":"https:\/\/pamelafalcon.com\/en\/"},{"@type":"ListItem","position":2,"name":"Impressum"}]},{"@type":"WebSite","@id":"https:\/\/pamelafalcon.com\/en\/#website","url":"https:\/\/pamelafalcon.com\/en\/","name":"Pamela Falcon","description":"","publisher":{"@id":"https:\/\/pamelafalcon.com\/en\/#\/schema\/person\/9253e44d2a1c782b1f2637757a77be5c"},"potentialAction":[{"@type":"SearchAction","target":{"@type":"EntryPoint","urlTemplate":"https:\/\/pamelafalcon.com\/en\/?s={search_term_string}"},"query-input":{"@type":"PropertyValueSpecification","valueRequired":true,"valueName":"search_term_string"}}],"inLanguage":"en-US"},{"@type":["Person","Organization"],"@id":"https:\/\/pamelafalcon.com\/en\/#\/schema\/person\/9253e44d2a1c782b1f2637757a77be5c","name":"Pamela Falcon","image":{"@type":"ImageObject","inLanguage":"en-US","@id":"https:\/\/pamelafalcon.com\/en\/#\/schema\/person\/image\/","url":"https:\/\/pamelafalcon.com\/wp-content\/uploads\/2026\/01\/pamela-on-stage-4.webp","contentUrl":"https:\/\/pamelafalcon.com\/wp-content\/uploads\/2026\/01\/pamela-on-stage-4.webp","width":1238,"height":1024,"caption":"Pamela Falcon"},"logo":{"@id":"https:\/\/pamelafalcon.com\/en\/#\/schema\/person\/image\/"}}]}},"_links":{"self":[{"href":"https:\/\/pamelafalcon.com\/en\/wp-json\/wp\/v2\/pages\/144","targetHints":{"allow":["GET"]}}],"collection":[{"href":"https:\/\/pamelafalcon.com\/en\/wp-json\/wp\/v2\/pages"}],"about":[{"href":"https:\/\/pamelafalcon.com\/en\/wp-json\/wp\/v2\/types\/page"}],"author":[{"embeddable":true,"href":"https:\/\/pamelafalcon.com\/en\/wp-json\/wp\/v2\/users\/1"}],"replies":[{"embeddable":true,"href":"https:\/\/pamelafalcon.com\/en\/wp-json\/wp\/v2\/comments?post=144"}],"version-history":[{"count":13,"href":"https:\/\/pamelafalcon.com\/en\/wp-json\/wp\/v2\/pages\/144\/revisions"}],"predecessor-version":[{"id":663,"href":"https:\/\/pamelafalcon.com\/en\/wp-json\/wp\/v2\/pages\/144\/revisions\/663"}],"wp:attachment":[{"href":"https:\/\/pamelafalcon.com\/en\/wp-json\/wp\/v2\/media?parent=144"}],"curies":[{"name":"wp","href":"https:\/\/api.w.org\/{rel}","templated":true}]}}